{"id":3,"date":"2021-05-31T21:05:33","date_gmt":"2021-05-31T21:05:33","guid":{"rendered":"https:\/\/rmsolutionsonline.com\/site\/?page_id=3"},"modified":"2021-06-11T22:47:44","modified_gmt":"2021-06-11T22:47:44","slug":"politicas-de-privacidad","status":"publish","type":"page","link":"https:\/\/rmsolutionsonline.com\/site\/politicas-de-privacidad\/","title":{"rendered":"Pol\u00edticas de Privacidad"},"content":{"rendered":"<p>El portal web\u00a0<strong>rmsolutionsonline.com<\/strong>, es un sitio web tiene como prop\u00f3sito a ofrecer servicios y soluciones tecnol\u00f3gicas a nivel mundial y el mismo se rige por los siguientes t\u00e9rminos, condiciones y avisos legales, por favor lea detenidamente:<\/p>\n<p>&nbsp;<\/p>\n<p><b>T\u00c9RMINOS<\/b><strong>\u00a0Y CONDICIONES DE USO<\/strong><\/p>\n<ul>\n<li>No compartimos ni divulgamos informaci\u00f3n personal de nuestros clientes, suscriptores o colaboradores<\/li>\n<li>No reservamos el derecho de modificar o remplazar cualquier parte de estos t\u00e9rminos sin previa difusi\u00f3n o consentimiento de los usuarios.<\/li>\n<li>El sitio web por su contenido est\u00e1 disponible para personas de 16 a\u00f1os en adelante,\u00a0 en caso contrario no nos responsabilizamos de las consecuencias que puedan ocasionar.<\/li>\n<li>Al navegar por el sitio web, por cada una de sus paginas o entradas ya esta aceptando los t\u00e9rminos y condiciones del mismo<\/li>\n<li>Este sitio web podr\u00e1 restringible el acceso total o parcial del sitio con o sin consentimiento ni previo aviso, con efecto inmediato en caso de detectar que se esta incumpliendo con alguna normativa legal o de uso por parte de alg\u00fan usuario, administrador, suscriptor o colaborador del sitio.<\/li>\n<li>A pesar de que nuestros contenido es monitoreado y revisado antes de ser publicado no nos hacemos responsable por el da\u00f1o de ning\u00fan tipo causado a cualquiera de nuestros usuarios o a terceros por el contenido publicado en\u00a0<strong>rmsolutionsonline<\/strong><strong>.com<\/strong><\/li>\n<\/ul>\n<p><b>T\u00c9RMINOS<\/b><strong>\u00a0Y CONDICIONES DE COMPRAS<\/strong><\/p>\n<p>El usuario o comprador debe estar obligado a registrarse en el sitio web\u00a0<strong>rmsolutionsonline.com<\/strong>\u00a0para poder realizar la compra en nuestro portal web<\/p>\n<ul>\n<li>Una vez registrado, el usuario podr\u00e1 verificar o modificar su informaci\u00f3n que ha ingresado durante el proceso de registro, la actualizaci\u00f3n de los datos corre netamente por responsabilidad del usuario.<\/li>\n<li>El usuario o comprado en cualquier momento podr\u00e1 solicitar la baja o cierre de su cuenta en nuestro portal web, esta acci\u00f3n no le proh\u00edbe que en el futuro vuelva a crear otra cuenta, a menos que haya sido penado o baneado por el portal web\u00a0<strong>rmsolutionsonline.com<\/strong>\u00a0.<\/li>\n<li>El sitio web \u00bb recopila autom\u00e1ticamente informaci\u00f3n sobre la actividad de los usuarios y visitantes dentro de su sitio web. Tal informaci\u00f3n puede incluir su localizaci\u00f3n, navegador que, direcciones IP, p\u00e1ginas visitadas, b\u00fasquedas y entre otra informaci\u00f3n podr\u00e1 ser almacenada y retenida, la misma puede detallarse en nuestras Politicas de Cookies.<\/li>\n<li>Nuestros servicio de Tienda Online s\u00f3lo est\u00e1n disponibles para aquellos usuarios que tengan capacidad legal para contratar o comprar un producto o servicio, en caso de no estarlo, pueden hacerlo a trav\u00e9s de los padres o tutores.<\/li>\n<li>Los Usuarios o Compradores deber\u00e1n facilitar algunos datos de car\u00e1cter personal. dicha informaci\u00f3n mantienen altos est\u00e1ndares de seguridad y protecci\u00f3n tanto f\u00edsica como tecnol\u00f3gica.<\/li>\n<li>No contamos con pol\u00edticas de devoluciones, es por ello que al momento de hacer su compra, debe estar seguro de que el producto o servicio que esta adquiriendo sea el solicitado.<\/li>\n<li>nuestra pol\u00edtica de garant\u00eda varia de acuerdo al producto o servicio, se notifica por contrato escrito o se tambi\u00e9n se puede visualizar en cada producto mostrado en nuestra tiendan Online, en caso de que no visualice una pol\u00edtica de garant\u00eda por ning\u00fan medio, quiere decir que el producto o servicio que est\u00e1 adquiriendo no cuenta con garant\u00eda.<\/li>\n<li>No est\u00e1 permitido bajo ning\u00fan concepto el uso de dispositivos, software, u otro medio tendiente a interferir en las actividades y operatoria del sitio web\u00a0<strong>rmsolutionsonline.com<\/strong>, sin autorizaci\u00f3n del mismo, cualquier alteraci\u00f3n que se detecte en las promociones, publicaciones, cuentas o bases de datos de sitio web, puede incurrir a acciones legales por parte de sus responsables.<\/li>\n<li>Cualquier intromisi\u00f3n, tentativa o actividad violatoria contraria a las leyes sobre derecho de propiedad intelectual y\/o a las prohibiciones estipuladas en este contrato har\u00e1n pasible a su responsable de las acciones legales pertinentes, y sanciones previstas por los entes legales, y tambi\u00e9n lo har\u00e1 responsable de indemnizar los da\u00f1os ocasionados.<\/li>\n<\/ul>\n<p><strong>AVISO LEGAL<\/strong><\/p>\n<ul>\n<li>No nos responsabilizamos ni respondemos a cualquier contenido, publicidad, producto o servicio ofrecido a trav\u00e9s del sitio web Terceros.<\/li>\n<li>No nos responsabilizamos ni respondemos a el uso del contenido de este sitio web por parte de terceros.<\/li>\n<li>Los usuario y colaboradores se comprometen a no hacer uso indebido del contenido de este sitio web,\u00a0 no emplearlos para incurrir en actividades il\u00edcitas, ilegales, ofensivas o al alteramiento del orden p\u00fablico.<\/li>\n<li>No se asumir\u00e1 responsabilidad enlaces o hiperv\u00ednculos hac\u00eda otros sitios de Internet, donde este sitio web no tienen ning\u00fan tipo de control, es importante aclarar que\u00a0 la inclusi\u00f3n de enlaces externos no implicar\u00e1 ning\u00fan tipo de asociaci\u00f3n, fusi\u00f3n o participaci\u00f3n con las entidades conectadas con el sitio web\u00a0<strong>rmsolutionsonline<\/strong><strong>.com<\/strong>.<\/li>\n<li>Es responsabilidad completa y absoluta del contenido y material publicado en este sitio web, de cada uno de sus autores, colaboradores o editores, los usuarios responder\u00e1n, en cualquier caso, de la veracidad de la informaci\u00f3n expuestas por ellos mismos, siendo responsables de comunicar cualquier modificaci\u00f3n, dejando al sitio web\u00a0<strong>rmsolutionsonline<\/strong><strong>.com<\/strong>\u00a0exentas de cualquier tipo de responsabilidad.<\/li>\n<li>Al suscribirse\u00a0 o registrarse a este sitio web,\u00a0 el Usuario aceptar a proporcionar\u00a0 de su informaci\u00f3n personales imprescindibles, esto con la finalidad de gestionar los productos o servicios solicitados, y mejorar su experiencia de navegaci\u00f3n en el sitio web.<\/li>\n<li>El sitio web\u00a0<strong>rmsolutionsonline<\/strong><strong>.com<\/strong>\u00a0es propiedad exclusiva de su creador.<\/li>\n<\/ul>\n","protected":false},"excerpt":{"rendered":"<p>El portal web\u00a0rmsolutionsonline.com, es un sitio web tiene como prop\u00f3sito a ofrecer servicios y soluciones tecnol\u00f3gicas a nivel mundial y<\/p>\n","protected":false},"author":1,"featured_media":0,"parent":0,"menu_order":0,"comment_status":"closed","ping_status":"closed","template":"","meta":{"_joinchat":[],"footnotes":""},"class_list":["post-3","page","type-page","status-publish","hentry"],"yoast_head":"<!-- This site is optimized with the Yoast SEO plugin v27.3 - https:\/\/yoast.com\/product\/yoast-seo-wordpress\/ -->\n<title>Pol\u00edticas de Privacidad - RMSolutions<\/title>\n<meta name=\"robots\" content=\"index, follow, max-snippet:-1, max-image-preview:large, max-video-preview:-1\" \/>\n<link rel=\"canonical\" href=\"https:\/\/rmsolutionsonline.com\/site\/politicas-de-privacidad\/\" \/>\n<meta property=\"og:locale\" content=\"es_ES\" \/>\n<meta property=\"og:type\" content=\"article\" \/>\n<meta property=\"og:title\" content=\"Pol\u00edticas de Privacidad - RMSolutions\" \/>\n<meta property=\"og:description\" content=\"El portal web\u00a0rmsolutionsonline.com, es un sitio web tiene como prop\u00f3sito a ofrecer servicios y soluciones tecnol\u00f3gicas a nivel mundial y\" \/>\n<meta property=\"og:url\" content=\"https:\/\/rmsolutionsonline.com\/site\/politicas-de-privacidad\/\" \/>\n<meta property=\"og:site_name\" content=\"RMSolutions\" \/>\n<meta property=\"article:modified_time\" content=\"2021-06-11T22:47:44+00:00\" \/>\n<meta name=\"twitter:card\" content=\"summary_large_image\" \/>\n<meta name=\"twitter:label1\" content=\"Tiempo de lectura\" \/>\n\t<meta name=\"twitter:data1\" content=\"5 minutos\" \/>\n<script type=\"application\/ld+json\" class=\"yoast-schema-graph\">{\"@context\":\"https:\\\/\\\/schema.org\",\"@graph\":[{\"@type\":\"WebPage\",\"@id\":\"https:\\\/\\\/rmsolutionsonline.com\\\/site\\\/politicas-de-privacidad\\\/\",\"url\":\"https:\\\/\\\/rmsolutionsonline.com\\\/site\\\/politicas-de-privacidad\\\/\",\"name\":\"Pol\u00edticas de Privacidad - RMSolutions\",\"isPartOf\":{\"@id\":\"https:\\\/\\\/rmsolutionsonline.com\\\/site\\\/#website\"},\"datePublished\":\"2021-05-31T21:05:33+00:00\",\"dateModified\":\"2021-06-11T22:47:44+00:00\",\"breadcrumb\":{\"@id\":\"https:\\\/\\\/rmsolutionsonline.com\\\/site\\\/politicas-de-privacidad\\\/#breadcrumb\"},\"inLanguage\":\"es\",\"potentialAction\":[{\"@type\":\"ReadAction\",\"target\":[\"https:\\\/\\\/rmsolutionsonline.com\\\/site\\\/politicas-de-privacidad\\\/\"]}]},{\"@type\":\"BreadcrumbList\",\"@id\":\"https:\\\/\\\/rmsolutionsonline.com\\\/site\\\/politicas-de-privacidad\\\/#breadcrumb\",\"itemListElement\":[{\"@type\":\"ListItem\",\"position\":1,\"name\":\"Portada\",\"item\":\"https:\\\/\\\/rmsolutionsonline.com\\\/site\\\/\"},{\"@type\":\"ListItem\",\"position\":2,\"name\":\"Pol\u00edticas de Privacidad\"}]},{\"@type\":\"WebSite\",\"@id\":\"https:\\\/\\\/rmsolutionsonline.com\\\/site\\\/#website\",\"url\":\"https:\\\/\\\/rmsolutionsonline.com\\\/site\\\/\",\"name\":\"RMSolutions\",\"description\":\"Soluciones Tecnol\u00f3gicas | Desarrollo de Paginas Web | Tiendas Online | App Webs | App Moviles\",\"potentialAction\":[{\"@type\":\"SearchAction\",\"target\":{\"@type\":\"EntryPoint\",\"urlTemplate\":\"https:\\\/\\\/rmsolutionsonline.com\\\/site\\\/?s={search_term_string}\"},\"query-input\":{\"@type\":\"PropertyValueSpecification\",\"valueRequired\":true,\"valueName\":\"search_term_string\"}}],\"inLanguage\":\"es\"}]}<\/script>\n<!-- \/ Yoast SEO plugin. -->","yoast_head_json":{"title":"Pol\u00edticas de Privacidad - RMSolutions","robots":{"index":"index","follow":"follow","max-snippet":"max-snippet:-1","max-image-preview":"max-image-preview:large","max-video-preview":"max-video-preview:-1"},"canonical":"https:\/\/rmsolutionsonline.com\/site\/politicas-de-privacidad\/","og_locale":"es_ES","og_type":"article","og_title":"Pol\u00edticas de Privacidad - RMSolutions","og_description":"El portal web\u00a0rmsolutionsonline.com, es un sitio web tiene como prop\u00f3sito a ofrecer servicios y soluciones tecnol\u00f3gicas a nivel mundial y","og_url":"https:\/\/rmsolutionsonline.com\/site\/politicas-de-privacidad\/","og_site_name":"RMSolutions","article_modified_time":"2021-06-11T22:47:44+00:00","twitter_card":"summary_large_image","twitter_misc":{"Tiempo de lectura":"5 minutos"},"schema":{"@context":"https:\/\/schema.org","@graph":[{"@type":"WebPage","@id":"https:\/\/rmsolutionsonline.com\/site\/politicas-de-privacidad\/","url":"https:\/\/rmsolutionsonline.com\/site\/politicas-de-privacidad\/","name":"Pol\u00edticas de Privacidad - RMSolutions","isPartOf":{"@id":"https:\/\/rmsolutionsonline.com\/site\/#website"},"datePublished":"2021-05-31T21:05:33+00:00","dateModified":"2021-06-11T22:47:44+00:00","breadcrumb":{"@id":"https:\/\/rmsolutionsonline.com\/site\/politicas-de-privacidad\/#breadcrumb"},"inLanguage":"es","potentialAction":[{"@type":"ReadAction","target":["https:\/\/rmsolutionsonline.com\/site\/politicas-de-privacidad\/"]}]},{"@type":"BreadcrumbList","@id":"https:\/\/rmsolutionsonline.com\/site\/politicas-de-privacidad\/#breadcrumb","itemListElement":[{"@type":"ListItem","position":1,"name":"Portada","item":"https:\/\/rmsolutionsonline.com\/site\/"},{"@type":"ListItem","position":2,"name":"Pol\u00edticas de Privacidad"}]},{"@type":"WebSite","@id":"https:\/\/rmsolutionsonline.com\/site\/#website","url":"https:\/\/rmsolutionsonline.com\/site\/","name":"RMSolutions","description":"Soluciones Tecnol\u00f3gicas | Desarrollo de Paginas Web | Tiendas Online | App Webs | App Moviles","potentialAction":[{"@type":"SearchAction","target":{"@type":"EntryPoint","urlTemplate":"https:\/\/rmsolutionsonline.com\/site\/?s={search_term_string}"},"query-input":{"@type":"PropertyValueSpecification","valueRequired":true,"valueName":"search_term_string"}}],"inLanguage":"es"}]}},"jetpack_sharing_enabled":true,"_links":{"self":[{"href":"https:\/\/rmsolutionsonline.com\/site\/wp-json\/wp\/v2\/pages\/3","targetHints":{"allow":["GET"]}}],"collection":[{"href":"https:\/\/rmsolutionsonline.com\/site\/wp-json\/wp\/v2\/pages"}],"about":[{"href":"https:\/\/rmsolutionsonline.com\/site\/wp-json\/wp\/v2\/types\/page"}],"author":[{"embeddable":true,"href":"https:\/\/rmsolutionsonline.com\/site\/wp-json\/wp\/v2\/users\/1"}],"replies":[{"embeddable":true,"href":"https:\/\/rmsolutionsonline.com\/site\/wp-json\/wp\/v2\/comments?post=3"}],"version-history":[{"count":3,"href":"https:\/\/rmsolutionsonline.com\/site\/wp-json\/wp\/v2\/pages\/3\/revisions"}],"predecessor-version":[{"id":2144,"href":"https:\/\/rmsolutionsonline.com\/site\/wp-json\/wp\/v2\/pages\/3\/revisions\/2144"}],"wp:attachment":[{"href":"https:\/\/rmsolutionsonline.com\/site\/wp-json\/wp\/v2\/media?parent=3"}],"curies":[{"name":"wp","href":"https:\/\/api.w.org\/{rel}","templated":true}]}}