{"id":2140,"date":"2021-06-11T22:46:29","date_gmt":"2021-06-11T22:46:29","guid":{"rendered":"https:\/\/rmsolutionsonline.com\/site\/?page_id=2140"},"modified":"2021-06-11T22:48:10","modified_gmt":"2021-06-11T22:48:10","slug":"politica-de-cookies","status":"publish","type":"page","link":"https:\/\/rmsolutionsonline.com\/site\/politica-de-cookies\/","title":{"rendered":"Pol\u00edtica de Cookies"},"content":{"rendered":"<p>El sitio web\u00a0<strong>RMSoltionsOnline.com<\/strong>\u00a0,\u00a0 utiliza el manejo de cookies propias y de terceros para mejorar la experiencia de\u00a0 los suscriptores y usuarios a trav\u00e9s de datos estad\u00edsticos, al igual que lo hacen otros sitios web.<\/p>\n<p>&nbsp;<\/p>\n<p><strong>\u00bfQU\u00c9 SON LAS COOKIES?<\/strong><\/p>\n<p><em>Una cookie es un fichero que se descarga en su ordenador al acceder a determinadas p\u00e1ginas web. Estas permiten a cualquier sitio web almacenar y recuperar informaci\u00f3n sobre los h\u00e1bitos de navegaci\u00f3n del los usuario que visitan la p\u00e1gina, dependiendo de la informaci\u00f3n que contengan y de la forma en que utilice su equipo, pueden utilizarse para reconocer al usuario.<\/em><\/p>\n<p><strong>\u00bfQU\u00c9 TIPOS DE COOKIES UTILIZAMOS?<\/strong><\/p>\n<p><em>Cookies de an\u00e1lisis<\/em>:<\/p>\n<p>Tratadas por nosotros o por terceros, permiten cuantificar el n\u00famero de usuarios y as\u00ed realizar la medici\u00f3n y an\u00e1lisis estad\u00edstico de la utilizaci\u00f3n que hacen los usuarios del servicio ofertado. Para ello se analiza su navegaci\u00f3n en nuestra p\u00e1gina web con el fin de mejorar la oferta de productos o servicios que le ofrecemos.<\/p>\n<p><em>Cookies t\u00e9cnicas:<\/em><\/p>\n<p>Son aquellas que permiten al usuario la navegaci\u00f3n a trav\u00e9s del \u00e1rea restringida y la utilizaci\u00f3n de sus diferentes funciones, como por ejemplo, llevar a cambio el proceso de compra de un art\u00edculo.<\/p>\n<p><em>Cookies de personalizaci\u00f3n:<\/em><\/p>\n<p>Son aquellas que permiten al usuario acceder al servicio con algunas caracter\u00edsticas de car\u00e1cter general predefinidas en funci\u00f3n de una serie de criterios en el terminal del usuario como por ejemplo serian el idioma o el tipo de navegador a trav\u00e9s del cual se conecta al servicio.<\/p>\n<p><em>Cookies publicitarias:<\/em><\/p>\n<p>Tratadas por esta web o por terceros, permiten gestionar de la forma m\u00e1s eficaz posible la oferta de los espacios publicitarios que hay en la p\u00e1gina web, adecuando el contenido del anuncio al contenido del servicio solicitado o al uso que realice de nuestra p\u00e1gina web.<\/p>\n<p><em>Cookies de publicidad comportamental:<\/em><\/p>\n<p>Permiten la gesti\u00f3n, de la forma m\u00e1s eficaz posible, de los espacios publicitarios que, en su caso, el editor haya incluido en una p\u00e1gina web, aplicaci\u00f3n o plataforma desde la que presta el servicio solicitado. Este tipo de cookies almacenan informaci\u00f3n del comportamiento de los visitantes obtenida a trav\u00e9s de la observaci\u00f3n continuada de sus h\u00e1bitos de navegaci\u00f3n, lo que permite desarrollar un perfil espec\u00edfico para mostrar avisos publicitarios en funci\u00f3n del mismo.<\/p>\n<p>&nbsp;<\/p>\n<p><strong>DESACTIVAR LAS COOKIES.<\/strong><\/p>\n<p>Puede usted permitir, bloquear o eliminar las cookies instaladas en su equipo mediante la configuraci\u00f3n de las opciones del navegador instalado en su ordenador.<\/p>\n<p>En la mayor\u00eda de los navegadores web se ofrece la posibilidad de permitir, bloquear o eliminar las cookies instaladas en su equipo.<\/p>\n<p>Para instalar o desactivar las cookies seg\u00fan el navegador que posea haga clic en los enlaces oficiales de alguno de ellos:<\/p>\n<ul>\n<li><a href=\"https:\/\/support.google.com\/chrome\/answer\/95647?hl=es\" target=\"_blank\" rel=\"noopener noreferrer\">Google Chrome<\/a><\/li>\n<li><a href=\"https:\/\/support.microsoft.com\/es-es\/help\/17442\/windows-internet-explorer-delete-manage-cookies\" target=\"_blank\" rel=\"noopener noreferrer\">Microsoft Internet Explorer<\/a><\/li>\n<li><a href=\"https:\/\/support.mozilla.org\/es\/kb\/habilitar-y-deshabilitar-cookies-sitios-web-rastrear-preferencias?redirectlocale=es&amp;redirectslug=habilitar-y-deshabilitar-cookies-que-los-sitios-we\" target=\"_blank\" rel=\"noopener noreferrer\">Mozilla Firefox<\/a><\/li>\n<li><a href=\"https:\/\/support.apple.com\/es-es\/HT201265\" target=\"_blank\" rel=\"noopener noreferrer\">Safari (Apple)<\/a><\/li>\n<\/ul>\n<p><strong>COOKIES DE TERCEROS.<\/strong><\/p>\n<p>Se usan cookies de DoubleClick para mejorar la publicidad que se incluye en el sitio web. Son utilizadas para orientar la publicidad seg\u00fan el contenido que es relevante para un usuario, mejorando as\u00ed la calidad de experiencia en el uso del mismo.<\/p>\n<p>Usamos los servicios como Google Adsense y de Google Analytics para nuestras estad\u00edsticas y publicidad. Algunas cookies son esenciales para el funcionamiento del sitio.<\/p>\n<p>Nuestro sitio incluye otras funcionalidades proporcionadas por terceros. Usted puede f\u00e1cilmente compartir el contenido en redes sociales como Facebook, Twitter o Google +, con los botones que hemos incluido a tal efecto.<\/p>\n<p><strong>ADVERTENCIA SOBRE ELIMINAR COOKIES.<\/strong><\/p>\n<p>Puede eliminar y bloquear todas las cookies de este sitio, pero parte del sitio no funcionar\u00e1 o la calidad de la p\u00e1gina web puede verse afectada.<\/p>\n<p>Si tiene cualquier duda acerca de nuestra pol\u00edtica de cookies, puede contactar con esta p\u00e1gina web a trav\u00e9s de nuestros canales de Contacto.<\/p>\n","protected":false},"excerpt":{"rendered":"<p>El sitio web\u00a0RMSoltionsOnline.com\u00a0,\u00a0 utiliza el manejo de cookies propias y de terceros para mejorar la experiencia de\u00a0 los suscriptores y<\/p>\n","protected":false},"author":1,"featured_media":0,"parent":0,"menu_order":0,"comment_status":"closed","ping_status":"closed","template":"","meta":{"_joinchat":[],"footnotes":""},"class_list":["post-2140","page","type-page","status-publish","hentry"],"yoast_head":"<!-- This site is optimized with the Yoast SEO plugin v27.3 - https:\/\/yoast.com\/product\/yoast-seo-wordpress\/ -->\n<title>Pol\u00edtica de Cookies - RMSolutions<\/title>\n<meta name=\"robots\" content=\"index, follow, max-snippet:-1, max-image-preview:large, max-video-preview:-1\" \/>\n<link rel=\"canonical\" href=\"https:\/\/rmsolutionsonline.com\/site\/politica-de-cookies\/\" \/>\n<meta property=\"og:locale\" content=\"es_ES\" \/>\n<meta property=\"og:type\" content=\"article\" \/>\n<meta property=\"og:title\" content=\"Pol\u00edtica de Cookies - RMSolutions\" \/>\n<meta property=\"og:description\" content=\"El sitio web\u00a0RMSoltionsOnline.com\u00a0,\u00a0 utiliza el manejo de cookies propias y de terceros para mejorar la experiencia de\u00a0 los suscriptores y\" \/>\n<meta property=\"og:url\" content=\"https:\/\/rmsolutionsonline.com\/site\/politica-de-cookies\/\" \/>\n<meta property=\"og:site_name\" content=\"RMSolutions\" \/>\n<meta property=\"article:modified_time\" content=\"2021-06-11T22:48:10+00:00\" \/>\n<meta name=\"twitter:card\" content=\"summary_large_image\" \/>\n<meta name=\"twitter:label1\" content=\"Tiempo de lectura\" \/>\n\t<meta name=\"twitter:data1\" content=\"3 minutos\" \/>\n<script type=\"application\/ld+json\" class=\"yoast-schema-graph\">{\"@context\":\"https:\\\/\\\/schema.org\",\"@graph\":[{\"@type\":\"WebPage\",\"@id\":\"https:\\\/\\\/rmsolutionsonline.com\\\/site\\\/politica-de-cookies\\\/\",\"url\":\"https:\\\/\\\/rmsolutionsonline.com\\\/site\\\/politica-de-cookies\\\/\",\"name\":\"Pol\u00edtica de Cookies - RMSolutions\",\"isPartOf\":{\"@id\":\"https:\\\/\\\/rmsolutionsonline.com\\\/site\\\/#website\"},\"datePublished\":\"2021-06-11T22:46:29+00:00\",\"dateModified\":\"2021-06-11T22:48:10+00:00\",\"breadcrumb\":{\"@id\":\"https:\\\/\\\/rmsolutionsonline.com\\\/site\\\/politica-de-cookies\\\/#breadcrumb\"},\"inLanguage\":\"es\",\"potentialAction\":[{\"@type\":\"ReadAction\",\"target\":[\"https:\\\/\\\/rmsolutionsonline.com\\\/site\\\/politica-de-cookies\\\/\"]}]},{\"@type\":\"BreadcrumbList\",\"@id\":\"https:\\\/\\\/rmsolutionsonline.com\\\/site\\\/politica-de-cookies\\\/#breadcrumb\",\"itemListElement\":[{\"@type\":\"ListItem\",\"position\":1,\"name\":\"Portada\",\"item\":\"https:\\\/\\\/rmsolutionsonline.com\\\/site\\\/\"},{\"@type\":\"ListItem\",\"position\":2,\"name\":\"Pol\u00edtica de Cookies\"}]},{\"@type\":\"WebSite\",\"@id\":\"https:\\\/\\\/rmsolutionsonline.com\\\/site\\\/#website\",\"url\":\"https:\\\/\\\/rmsolutionsonline.com\\\/site\\\/\",\"name\":\"RMSolutions\",\"description\":\"Soluciones Tecnol\u00f3gicas | Desarrollo de Paginas Web | Tiendas Online | App Webs | App Moviles\",\"potentialAction\":[{\"@type\":\"SearchAction\",\"target\":{\"@type\":\"EntryPoint\",\"urlTemplate\":\"https:\\\/\\\/rmsolutionsonline.com\\\/site\\\/?s={search_term_string}\"},\"query-input\":{\"@type\":\"PropertyValueSpecification\",\"valueRequired\":true,\"valueName\":\"search_term_string\"}}],\"inLanguage\":\"es\"}]}<\/script>\n<!-- \/ Yoast SEO plugin. -->","yoast_head_json":{"title":"Pol\u00edtica de Cookies - RMSolutions","robots":{"index":"index","follow":"follow","max-snippet":"max-snippet:-1","max-image-preview":"max-image-preview:large","max-video-preview":"max-video-preview:-1"},"canonical":"https:\/\/rmsolutionsonline.com\/site\/politica-de-cookies\/","og_locale":"es_ES","og_type":"article","og_title":"Pol\u00edtica de Cookies - RMSolutions","og_description":"El sitio web\u00a0RMSoltionsOnline.com\u00a0,\u00a0 utiliza el manejo de cookies propias y de terceros para mejorar la experiencia de\u00a0 los suscriptores y","og_url":"https:\/\/rmsolutionsonline.com\/site\/politica-de-cookies\/","og_site_name":"RMSolutions","article_modified_time":"2021-06-11T22:48:10+00:00","twitter_card":"summary_large_image","twitter_misc":{"Tiempo de lectura":"3 minutos"},"schema":{"@context":"https:\/\/schema.org","@graph":[{"@type":"WebPage","@id":"https:\/\/rmsolutionsonline.com\/site\/politica-de-cookies\/","url":"https:\/\/rmsolutionsonline.com\/site\/politica-de-cookies\/","name":"Pol\u00edtica de Cookies - RMSolutions","isPartOf":{"@id":"https:\/\/rmsolutionsonline.com\/site\/#website"},"datePublished":"2021-06-11T22:46:29+00:00","dateModified":"2021-06-11T22:48:10+00:00","breadcrumb":{"@id":"https:\/\/rmsolutionsonline.com\/site\/politica-de-cookies\/#breadcrumb"},"inLanguage":"es","potentialAction":[{"@type":"ReadAction","target":["https:\/\/rmsolutionsonline.com\/site\/politica-de-cookies\/"]}]},{"@type":"BreadcrumbList","@id":"https:\/\/rmsolutionsonline.com\/site\/politica-de-cookies\/#breadcrumb","itemListElement":[{"@type":"ListItem","position":1,"name":"Portada","item":"https:\/\/rmsolutionsonline.com\/site\/"},{"@type":"ListItem","position":2,"name":"Pol\u00edtica de Cookies"}]},{"@type":"WebSite","@id":"https:\/\/rmsolutionsonline.com\/site\/#website","url":"https:\/\/rmsolutionsonline.com\/site\/","name":"RMSolutions","description":"Soluciones Tecnol\u00f3gicas | Desarrollo de Paginas Web | Tiendas Online | App Webs | App Moviles","potentialAction":[{"@type":"SearchAction","target":{"@type":"EntryPoint","urlTemplate":"https:\/\/rmsolutionsonline.com\/site\/?s={search_term_string}"},"query-input":{"@type":"PropertyValueSpecification","valueRequired":true,"valueName":"search_term_string"}}],"inLanguage":"es"}]}},"jetpack_sharing_enabled":true,"_links":{"self":[{"href":"https:\/\/rmsolutionsonline.com\/site\/wp-json\/wp\/v2\/pages\/2140","targetHints":{"allow":["GET"]}}],"collection":[{"href":"https:\/\/rmsolutionsonline.com\/site\/wp-json\/wp\/v2\/pages"}],"about":[{"href":"https:\/\/rmsolutionsonline.com\/site\/wp-json\/wp\/v2\/types\/page"}],"author":[{"embeddable":true,"href":"https:\/\/rmsolutionsonline.com\/site\/wp-json\/wp\/v2\/users\/1"}],"replies":[{"embeddable":true,"href":"https:\/\/rmsolutionsonline.com\/site\/wp-json\/wp\/v2\/comments?post=2140"}],"version-history":[{"count":2,"href":"https:\/\/rmsolutionsonline.com\/site\/wp-json\/wp\/v2\/pages\/2140\/revisions"}],"predecessor-version":[{"id":2145,"href":"https:\/\/rmsolutionsonline.com\/site\/wp-json\/wp\/v2\/pages\/2140\/revisions\/2145"}],"wp:attachment":[{"href":"https:\/\/rmsolutionsonline.com\/site\/wp-json\/wp\/v2\/media?parent=2140"}],"curies":[{"name":"wp","href":"https:\/\/api.w.org\/{rel}","templated":true}]}}