{"id":2134,"date":"2021-06-11T22:37:10","date_gmt":"2021-06-11T22:37:10","guid":{"rendered":"https:\/\/rmsolutionsonline.com\/site\/?page_id=2134"},"modified":"2021-06-11T23:07:23","modified_gmt":"2021-06-11T23:07:23","slug":"preguntas-frecuentes-faq","status":"publish","type":"page","link":"https:\/\/rmsolutionsonline.com\/site\/preguntas-frecuentes-faq\/","title":{"rendered":"Preguntas Frecuentes (FAQ)"},"content":{"rendered":"\t\t<div data-elementor-type=\"wp-page\" data-elementor-id=\"2134\" class=\"elementor elementor-2134\" data-elementor-post-type=\"page\">\n\t\t\t\t\t\t<section class=\"elementor-section elementor-top-section elementor-element elementor-element-2929675 elementor-section-boxed elementor-section-height-default elementor-section-height-default wd-section-disabled\" data-id=\"2929675\" data-element_type=\"section\" data-e-type=\"section\">\n\t\t\t\t\t\t<div class=\"elementor-container elementor-column-gap-default\">\n\t\t\t\t\t<div class=\"elementor-column elementor-col-100 elementor-top-column elementor-element elementor-element-5207a11\" data-id=\"5207a11\" data-element_type=\"column\" data-e-type=\"column\">\n\t\t\t<div class=\"elementor-widget-wrap elementor-element-populated\">\n\t\t\t\t\t\t<div class=\"elementor-element elementor-element-9c1a4bc elementor-widget elementor-widget-spacer\" data-id=\"9c1a4bc\" data-element_type=\"widget\" data-e-type=\"widget\" data-widget_type=\"spacer.default\">\n\t\t\t\t<div class=\"elementor-widget-container\">\n\t\t\t\t\t\t\t<div class=\"elementor-spacer\">\n\t\t\t<div class=\"elementor-spacer-inner\"><\/div>\n\t\t<\/div>\n\t\t\t\t\t\t<\/div>\n\t\t\t\t<\/div>\n\t\t\t\t<div class=\"elementor-element elementor-element-d5b2ac3 elementor-widget elementor-widget-accordion\" data-id=\"d5b2ac3\" data-element_type=\"widget\" data-e-type=\"widget\" data-widget_type=\"accordion.default\">\n\t\t\t\t<div class=\"elementor-widget-container\">\n\t\t\t\t\t\t\t<div class=\"elementor-accordion\">\n\t\t\t\t\t\t\t<div class=\"elementor-accordion-item\">\n\t\t\t\t\t<div id=\"elementor-tab-title-2241\" class=\"elementor-tab-title\" data-tab=\"1\" role=\"button\" aria-controls=\"elementor-tab-content-2241\" aria-expanded=\"false\">\n\t\t\t\t\t\t\t\t\t\t\t\t\t<span class=\"elementor-accordion-icon elementor-accordion-icon-left\" aria-hidden=\"true\">\n\t\t\t\t\t\t\t\t\t\t\t\t\t\t\t<span class=\"elementor-accordion-icon-closed\"><i class=\"fas fa-plus\"><\/i><\/span>\n\t\t\t\t\t\t\t\t<span class=\"elementor-accordion-icon-opened\"><i class=\"fas fa-minus\"><\/i><\/span>\n\t\t\t\t\t\t\t\t\t\t\t\t\t\t<\/span>\n\t\t\t\t\t\t\t\t\t\t\t\t<a class=\"elementor-accordion-title\" tabindex=\"0\">Emiten Cotizaciones y Facturas?<\/a>\n\t\t\t\t\t<\/div>\n\t\t\t\t\t<div id=\"elementor-tab-content-2241\" class=\"elementor-tab-content elementor-clearfix\" data-tab=\"1\" role=\"region\" aria-labelledby=\"elementor-tab-title-2241\"><p>Si, emitimos cotizaciones, solo debes solicitarla por nuestra opci\u00f3n de contacto y tambi\u00e9n emitimos facturas legales, reconocidas por el SRI &#8211; Ecuador, nuestra facturaci\u00f3n es electr\u00f3nica.<\/p><\/div>\n\t\t\t\t<\/div>\n\t\t\t\t\t\t\t<div class=\"elementor-accordion-item\">\n\t\t\t\t\t<div id=\"elementor-tab-title-2242\" class=\"elementor-tab-title\" data-tab=\"2\" role=\"button\" aria-controls=\"elementor-tab-content-2242\" aria-expanded=\"false\">\n\t\t\t\t\t\t\t\t\t\t\t\t\t<span class=\"elementor-accordion-icon elementor-accordion-icon-left\" aria-hidden=\"true\">\n\t\t\t\t\t\t\t\t\t\t\t\t\t\t\t<span class=\"elementor-accordion-icon-closed\"><i class=\"fas fa-plus\"><\/i><\/span>\n\t\t\t\t\t\t\t\t<span class=\"elementor-accordion-icon-opened\"><i class=\"fas fa-minus\"><\/i><\/span>\n\t\t\t\t\t\t\t\t\t\t\t\t\t\t<\/span>\n\t\t\t\t\t\t\t\t\t\t\t\t<a class=\"elementor-accordion-title\" tabindex=\"0\">Cuanto tiempo tarda el desarrollo de una p\u00e1gina web? <\/a>\n\t\t\t\t\t<\/div>\n\t\t\t\t\t<div id=\"elementor-tab-content-2242\" class=\"elementor-tab-content elementor-clearfix\" data-tab=\"2\" role=\"region\" aria-labelledby=\"elementor-tab-title-2242\"><p>El tiempo varia de acuerdo a la complejidad de su requerimiento, pero los tiempo est\u00e1ndar son de 5 a 7 d\u00edas para paginas peque\u00f1as, de 15 a 30 D\u00edas proyecto medianos, y de 3 meses o m\u00e1s para proyectos mas complejos<\/p><\/div>\n\t\t\t\t<\/div>\n\t\t\t\t\t\t\t<div class=\"elementor-accordion-item\">\n\t\t\t\t\t<div id=\"elementor-tab-title-2243\" class=\"elementor-tab-title\" data-tab=\"3\" role=\"button\" aria-controls=\"elementor-tab-content-2243\" aria-expanded=\"false\">\n\t\t\t\t\t\t\t\t\t\t\t\t\t<span class=\"elementor-accordion-icon elementor-accordion-icon-left\" aria-hidden=\"true\">\n\t\t\t\t\t\t\t\t\t\t\t\t\t\t\t<span class=\"elementor-accordion-icon-closed\"><i class=\"fas fa-plus\"><\/i><\/span>\n\t\t\t\t\t\t\t\t<span class=\"elementor-accordion-icon-opened\"><i class=\"fas fa-minus\"><\/i><\/span>\n\t\t\t\t\t\t\t\t\t\t\t\t\t\t<\/span>\n\t\t\t\t\t\t\t\t\t\t\t\t<a class=\"elementor-accordion-title\" tabindex=\"0\">Cuales es su metodolog\u00eda de trabajo? <\/a>\n\t\t\t\t\t<\/div>\n\t\t\t\t\t<div id=\"elementor-tab-content-2243\" class=\"elementor-tab-content elementor-clearfix\" data-tab=\"3\" role=\"region\" aria-labelledby=\"elementor-tab-title-2243\"><p>Principalmente es Online, pero si el cliente lo requiere se puede concertar reuniones para recabar informaci\u00f3n, tratar temas vitales para el desarrollo, o tambi\u00e9n por aclarar sus dudas.<\/p><p>Se tratan reuniones presenciales (Para Ecuardo), y para el resto del mundo, via online<\/p><p>trabajamos bajo una estructura de trabajo basado en <a href=\"https:\/\/es.wikipedia.org\/wiki\/Scrum_(desarrollo_de_software)\" target=\"_blank\" rel=\"noopener\">Scrum<\/a><\/p><\/div>\n\t\t\t\t<\/div>\n\t\t\t\t\t\t\t<div class=\"elementor-accordion-item\">\n\t\t\t\t\t<div id=\"elementor-tab-title-2244\" class=\"elementor-tab-title\" data-tab=\"4\" role=\"button\" aria-controls=\"elementor-tab-content-2244\" aria-expanded=\"false\">\n\t\t\t\t\t\t\t\t\t\t\t\t\t<span class=\"elementor-accordion-icon elementor-accordion-icon-left\" aria-hidden=\"true\">\n\t\t\t\t\t\t\t\t\t\t\t\t\t\t\t<span class=\"elementor-accordion-icon-closed\"><i class=\"fas fa-plus\"><\/i><\/span>\n\t\t\t\t\t\t\t\t<span class=\"elementor-accordion-icon-opened\"><i class=\"fas fa-minus\"><\/i><\/span>\n\t\t\t\t\t\t\t\t\t\t\t\t\t\t<\/span>\n\t\t\t\t\t\t\t\t\t\t\t\t<a class=\"elementor-accordion-title\" tabindex=\"0\">Cuales sus formas de pago? <\/a>\n\t\t\t\t\t<\/div>\n\t\t\t\t\t<div id=\"elementor-tab-content-2244\" class=\"elementor-tab-content elementor-clearfix\" data-tab=\"4\" role=\"region\" aria-labelledby=\"elementor-tab-title-2244\"><p>Todas nuestras plataformas de pagos son digitales y est\u00e1n disponibles al momento de Cancelar, tanto banco locales en Ecuador como medios internacionales y Cryptomonedas.<\/p><\/div>\n\t\t\t\t<\/div>\n\t\t\t\t\t\t\t<div class=\"elementor-accordion-item\">\n\t\t\t\t\t<div id=\"elementor-tab-title-2245\" class=\"elementor-tab-title\" data-tab=\"5\" role=\"button\" aria-controls=\"elementor-tab-content-2245\" aria-expanded=\"false\">\n\t\t\t\t\t\t\t\t\t\t\t\t\t<span class=\"elementor-accordion-icon elementor-accordion-icon-left\" aria-hidden=\"true\">\n\t\t\t\t\t\t\t\t\t\t\t\t\t\t\t<span class=\"elementor-accordion-icon-closed\"><i class=\"fas fa-plus\"><\/i><\/span>\n\t\t\t\t\t\t\t\t<span class=\"elementor-accordion-icon-opened\"><i class=\"fas fa-minus\"><\/i><\/span>\n\t\t\t\t\t\t\t\t\t\t\t\t\t\t<\/span>\n\t\t\t\t\t\t\t\t\t\t\t\t<a class=\"elementor-accordion-title\" tabindex=\"0\">Los pagos para Hosting o Dominios son anuales?<\/a>\n\t\t\t\t\t<\/div>\n\t\t\t\t\t<div id=\"elementor-tab-content-2245\" class=\"elementor-tab-content elementor-clearfix\" data-tab=\"5\" role=\"region\" aria-labelledby=\"elementor-tab-title-2245\"><p>Si, se hacen pagos anuales seg\u00fan la fecha de corte, tambi\u00e9n existen planes de pagos mensuales pero debe ser solicitado por el cliente.<\/p><\/div>\n\t\t\t\t<\/div>\n\t\t\t\t\t\t\t<div class=\"elementor-accordion-item\">\n\t\t\t\t\t<div id=\"elementor-tab-title-2246\" class=\"elementor-tab-title\" data-tab=\"6\" role=\"button\" aria-controls=\"elementor-tab-content-2246\" aria-expanded=\"false\">\n\t\t\t\t\t\t\t\t\t\t\t\t\t<span class=\"elementor-accordion-icon elementor-accordion-icon-left\" aria-hidden=\"true\">\n\t\t\t\t\t\t\t\t\t\t\t\t\t\t\t<span class=\"elementor-accordion-icon-closed\"><i class=\"fas fa-plus\"><\/i><\/span>\n\t\t\t\t\t\t\t\t<span class=\"elementor-accordion-icon-opened\"><i class=\"fas fa-minus\"><\/i><\/span>\n\t\t\t\t\t\t\t\t\t\t\t\t\t\t<\/span>\n\t\t\t\t\t\t\t\t\t\t\t\t<a class=\"elementor-accordion-title\" tabindex=\"0\">Sus \u00fanicos servicios y productos son los publicados?<\/a>\n\t\t\t\t\t<\/div>\n\t\t\t\t\t<div id=\"elementor-tab-content-2246\" class=\"elementor-tab-content elementor-clearfix\" data-tab=\"6\" role=\"region\" aria-labelledby=\"elementor-tab-title-2246\"><p>No, tenemos un gran catalogo de productos y servicios, si requiere de alguno que no est\u00e1n en nuestra paginas, lo invitamos a escribirnos en nuestra secci\u00f3n de Contacto.<\/p><\/div>\n\t\t\t\t<\/div>\n\t\t\t\t\t\t\t\t<\/div>\n\t\t\t\t\t\t<\/div>\n\t\t\t\t<\/div>\n\t\t\t\t\t<\/div>\n\t\t<\/div>\n\t\t\t\t\t<\/div>\n\t\t<\/section>\n\t\t\t\t<\/div>\n\t\t","protected":false},"excerpt":{"rendered":"<p>Emiten Cotizaciones y Facturas? Si, emitimos cotizaciones, solo debes solicitarla por nuestra opci\u00f3n de contacto y tambi\u00e9n emitimos facturas legales,<\/p>\n","protected":false},"author":1,"featured_media":0,"parent":0,"menu_order":0,"comment_status":"closed","ping_status":"closed","template":"","meta":{"_joinchat":[],"footnotes":""},"class_list":["post-2134","page","type-page","status-publish","hentry"],"yoast_head":"<!-- This site is optimized with the Yoast SEO plugin v27.3 - https:\/\/yoast.com\/product\/yoast-seo-wordpress\/ -->\n<title>Preguntas Frecuentes (FAQ) - RMSolutions<\/title>\n<meta name=\"robots\" content=\"index, follow, max-snippet:-1, max-image-preview:large, max-video-preview:-1\" \/>\n<link rel=\"canonical\" href=\"https:\/\/rmsolutionsonline.com\/site\/preguntas-frecuentes-faq\/\" \/>\n<meta property=\"og:locale\" content=\"es_ES\" \/>\n<meta property=\"og:type\" content=\"article\" \/>\n<meta property=\"og:title\" content=\"Preguntas Frecuentes (FAQ) - RMSolutions\" \/>\n<meta property=\"og:description\" content=\"Emiten Cotizaciones y Facturas? Si, emitimos cotizaciones, solo debes solicitarla por nuestra opci\u00f3n de contacto y tambi\u00e9n emitimos facturas legales,\" \/>\n<meta property=\"og:url\" content=\"https:\/\/rmsolutionsonline.com\/site\/preguntas-frecuentes-faq\/\" \/>\n<meta property=\"og:site_name\" content=\"RMSolutions\" \/>\n<meta property=\"article:modified_time\" content=\"2021-06-11T23:07:23+00:00\" \/>\n<meta name=\"twitter:card\" content=\"summary_large_image\" \/>\n<meta name=\"twitter:label1\" content=\"Tiempo de lectura\" \/>\n\t<meta name=\"twitter:data1\" content=\"1 minuto\" \/>\n<script type=\"application\/ld+json\" class=\"yoast-schema-graph\">{\"@context\":\"https:\\\/\\\/schema.org\",\"@graph\":[{\"@type\":\"WebPage\",\"@id\":\"https:\\\/\\\/rmsolutionsonline.com\\\/site\\\/preguntas-frecuentes-faq\\\/\",\"url\":\"https:\\\/\\\/rmsolutionsonline.com\\\/site\\\/preguntas-frecuentes-faq\\\/\",\"name\":\"Preguntas Frecuentes (FAQ) - RMSolutions\",\"isPartOf\":{\"@id\":\"https:\\\/\\\/rmsolutionsonline.com\\\/site\\\/#website\"},\"datePublished\":\"2021-06-11T22:37:10+00:00\",\"dateModified\":\"2021-06-11T23:07:23+00:00\",\"breadcrumb\":{\"@id\":\"https:\\\/\\\/rmsolutionsonline.com\\\/site\\\/preguntas-frecuentes-faq\\\/#breadcrumb\"},\"inLanguage\":\"es\",\"potentialAction\":[{\"@type\":\"ReadAction\",\"target\":[\"https:\\\/\\\/rmsolutionsonline.com\\\/site\\\/preguntas-frecuentes-faq\\\/\"]}]},{\"@type\":\"BreadcrumbList\",\"@id\":\"https:\\\/\\\/rmsolutionsonline.com\\\/site\\\/preguntas-frecuentes-faq\\\/#breadcrumb\",\"itemListElement\":[{\"@type\":\"ListItem\",\"position\":1,\"name\":\"Portada\",\"item\":\"https:\\\/\\\/rmsolutionsonline.com\\\/site\\\/\"},{\"@type\":\"ListItem\",\"position\":2,\"name\":\"Preguntas Frecuentes (FAQ)\"}]},{\"@type\":\"WebSite\",\"@id\":\"https:\\\/\\\/rmsolutionsonline.com\\\/site\\\/#website\",\"url\":\"https:\\\/\\\/rmsolutionsonline.com\\\/site\\\/\",\"name\":\"RMSolutions\",\"description\":\"Soluciones Tecnol\u00f3gicas | Desarrollo de Paginas Web | Tiendas Online | App Webs | App Moviles\",\"potentialAction\":[{\"@type\":\"SearchAction\",\"target\":{\"@type\":\"EntryPoint\",\"urlTemplate\":\"https:\\\/\\\/rmsolutionsonline.com\\\/site\\\/?s={search_term_string}\"},\"query-input\":{\"@type\":\"PropertyValueSpecification\",\"valueRequired\":true,\"valueName\":\"search_term_string\"}}],\"inLanguage\":\"es\"}]}<\/script>\n<!-- \/ Yoast SEO plugin. -->","yoast_head_json":{"title":"Preguntas Frecuentes (FAQ) - RMSolutions","robots":{"index":"index","follow":"follow","max-snippet":"max-snippet:-1","max-image-preview":"max-image-preview:large","max-video-preview":"max-video-preview:-1"},"canonical":"https:\/\/rmsolutionsonline.com\/site\/preguntas-frecuentes-faq\/","og_locale":"es_ES","og_type":"article","og_title":"Preguntas Frecuentes (FAQ) - RMSolutions","og_description":"Emiten Cotizaciones y Facturas? Si, emitimos cotizaciones, solo debes solicitarla por nuestra opci\u00f3n de contacto y tambi\u00e9n emitimos facturas legales,","og_url":"https:\/\/rmsolutionsonline.com\/site\/preguntas-frecuentes-faq\/","og_site_name":"RMSolutions","article_modified_time":"2021-06-11T23:07:23+00:00","twitter_card":"summary_large_image","twitter_misc":{"Tiempo de lectura":"1 minuto"},"schema":{"@context":"https:\/\/schema.org","@graph":[{"@type":"WebPage","@id":"https:\/\/rmsolutionsonline.com\/site\/preguntas-frecuentes-faq\/","url":"https:\/\/rmsolutionsonline.com\/site\/preguntas-frecuentes-faq\/","name":"Preguntas Frecuentes (FAQ) - RMSolutions","isPartOf":{"@id":"https:\/\/rmsolutionsonline.com\/site\/#website"},"datePublished":"2021-06-11T22:37:10+00:00","dateModified":"2021-06-11T23:07:23+00:00","breadcrumb":{"@id":"https:\/\/rmsolutionsonline.com\/site\/preguntas-frecuentes-faq\/#breadcrumb"},"inLanguage":"es","potentialAction":[{"@type":"ReadAction","target":["https:\/\/rmsolutionsonline.com\/site\/preguntas-frecuentes-faq\/"]}]},{"@type":"BreadcrumbList","@id":"https:\/\/rmsolutionsonline.com\/site\/preguntas-frecuentes-faq\/#breadcrumb","itemListElement":[{"@type":"ListItem","position":1,"name":"Portada","item":"https:\/\/rmsolutionsonline.com\/site\/"},{"@type":"ListItem","position":2,"name":"Preguntas Frecuentes (FAQ)"}]},{"@type":"WebSite","@id":"https:\/\/rmsolutionsonline.com\/site\/#website","url":"https:\/\/rmsolutionsonline.com\/site\/","name":"RMSolutions","description":"Soluciones Tecnol\u00f3gicas | Desarrollo de Paginas Web | Tiendas Online | App Webs | App Moviles","potentialAction":[{"@type":"SearchAction","target":{"@type":"EntryPoint","urlTemplate":"https:\/\/rmsolutionsonline.com\/site\/?s={search_term_string}"},"query-input":{"@type":"PropertyValueSpecification","valueRequired":true,"valueName":"search_term_string"}}],"inLanguage":"es"}]}},"jetpack_sharing_enabled":true,"_links":{"self":[{"href":"https:\/\/rmsolutionsonline.com\/site\/wp-json\/wp\/v2\/pages\/2134","targetHints":{"allow":["GET"]}}],"collection":[{"href":"https:\/\/rmsolutionsonline.com\/site\/wp-json\/wp\/v2\/pages"}],"about":[{"href":"https:\/\/rmsolutionsonline.com\/site\/wp-json\/wp\/v2\/types\/page"}],"author":[{"embeddable":true,"href":"https:\/\/rmsolutionsonline.com\/site\/wp-json\/wp\/v2\/users\/1"}],"replies":[{"embeddable":true,"href":"https:\/\/rmsolutionsonline.com\/site\/wp-json\/wp\/v2\/comments?post=2134"}],"version-history":[{"count":7,"href":"https:\/\/rmsolutionsonline.com\/site\/wp-json\/wp\/v2\/pages\/2134\/revisions"}],"predecessor-version":[{"id":2156,"href":"https:\/\/rmsolutionsonline.com\/site\/wp-json\/wp\/v2\/pages\/2134\/revisions\/2156"}],"wp:attachment":[{"href":"https:\/\/rmsolutionsonline.com\/site\/wp-json\/wp\/v2\/media?parent=2134"}],"curies":[{"name":"wp","href":"https:\/\/api.w.org\/{rel}","templated":true}]}}