{"id":2076,"date":"2021-06-09T00:28:03","date_gmt":"2021-06-09T00:28:03","guid":{"rendered":"https:\/\/rmsolutionsonline.com\/site\/?page_id=2076"},"modified":"2025-07-02T12:53:37","modified_gmt":"2025-07-02T17:53:37","slug":"quienes-somos","status":"publish","type":"page","link":"https:\/\/rmsolutionsonline.com\/site\/quienes-somos\/","title":{"rendered":"Quienes Somos"},"content":{"rendered":"\t\t<div data-elementor-type=\"wp-page\" data-elementor-id=\"2076\" class=\"elementor elementor-2076\" data-elementor-post-type=\"page\">\n\t\t\t\t\t\t<section class=\"elementor-section elementor-top-section elementor-element elementor-element-e8827a5 elementor-section-boxed elementor-section-height-default elementor-section-height-default wd-section-disabled\" data-id=\"e8827a5\" data-element_type=\"section\" data-e-type=\"section\">\n\t\t\t\t\t\t<div class=\"elementor-container elementor-column-gap-default\">\n\t\t\t\t\t<div class=\"elementor-column elementor-col-33 elementor-top-column elementor-element elementor-element-717f4e8\" data-id=\"717f4e8\" data-element_type=\"column\" data-e-type=\"column\">\n\t\t\t<div class=\"elementor-widget-wrap elementor-element-populated\">\n\t\t\t\t\t\t<div class=\"elementor-element elementor-element-ff1b73a elementor-widget elementor-widget-image\" data-id=\"ff1b73a\" data-element_type=\"widget\" data-e-type=\"widget\" data-widget_type=\"image.default\">\n\t\t\t\t<div class=\"elementor-widget-container\">\n\t\t\t\t\t\t\t\t\t\t\t\t\t\t\t<img fetchpriority=\"high\" decoding=\"async\" width=\"1001\" height=\"1001\" src=\"https:\/\/i0.wp.com\/rmsolutionsonline.com\/site\/wp-content\/uploads\/2021\/06\/logo_xl.png?fit=1001%2C1001&amp;ssl=1\" class=\"attachment-large size-large wp-image-2083\" alt=\"logo rm\" srcset=\"https:\/\/i0.wp.com\/rmsolutionsonline.com\/site\/wp-content\/uploads\/2021\/06\/logo_xl.png?w=1001&amp;ssl=1 1001w, https:\/\/i0.wp.com\/rmsolutionsonline.com\/site\/wp-content\/uploads\/2021\/06\/logo_xl.png?resize=300%2C300&amp;ssl=1 300w, https:\/\/i0.wp.com\/rmsolutionsonline.com\/site\/wp-content\/uploads\/2021\/06\/logo_xl.png?resize=150%2C150&amp;ssl=1 150w, https:\/\/i0.wp.com\/rmsolutionsonline.com\/site\/wp-content\/uploads\/2021\/06\/logo_xl.png?resize=768%2C768&amp;ssl=1 768w, https:\/\/i0.wp.com\/rmsolutionsonline.com\/site\/wp-content\/uploads\/2021\/06\/logo_xl.png?resize=600%2C600&amp;ssl=1 600w\" sizes=\"(max-width: 1000px) 100vw, 1000px\" \/>\t\t\t\t\t\t\t\t\t\t\t\t\t\t\t<\/div>\n\t\t\t\t<\/div>\n\t\t\t\t\t<\/div>\n\t\t<\/div>\n\t\t\t\t<div class=\"elementor-column elementor-col-66 elementor-top-column elementor-element elementor-element-85706e3\" data-id=\"85706e3\" data-element_type=\"column\" data-e-type=\"column\">\n\t\t\t<div class=\"elementor-widget-wrap elementor-element-populated\">\n\t\t\t\t\t\t<div class=\"elementor-element elementor-element-da8652e color-scheme-inherit text-left elementor-widget elementor-widget-text-editor\" data-id=\"da8652e\" data-element_type=\"widget\" data-e-type=\"widget\" data-widget_type=\"text-editor.default\">\n\t\t\t\t<div class=\"elementor-widget-container\">\n\t\t\t\t\t\t\t\t\t<h1><strong>RMSolutions<\/strong><\/h1><p><strong>\u00bf Quienes Somos ? <\/strong>Una startup conformada por un equipo multidisciplinario de profesionales con amplia experiencia en el desarrollo de software, tecnolog\u00edas de la informaci\u00f3n y soluciones ofim\u00e1ticas. Nos apasiona crear productos digitales innovadores, escalables y a la medida de las necesidades de nuestros clientes.<\/p><p>Nos enfocamos en ofrecer servicios y asesor\u00edas tanto t\u00e9cnicas como estrat\u00e9gicas, priorizando la calidad, la eficiencia y la adaptabilidad a cada entorno empresarial. Nuestro compromiso es entregar resultados \u00f3ptimos y medibles, construyendo relaciones de confianza a largo plazo basadas en el cumplimiento, la mejora continua y el impacto positivo de cada proyecto.<\/p>\t\t\t\t\t\t\t\t<\/div>\n\t\t\t\t<\/div>\n\t\t\t\t\t<\/div>\n\t\t<\/div>\n\t\t\t\t\t<\/div>\n\t\t<\/section>\n\t\t\t\t<section class=\"elementor-section elementor-top-section elementor-element elementor-element-38d4b4d elementor-section-boxed elementor-section-height-default elementor-section-height-default wd-section-disabled\" data-id=\"38d4b4d\" data-element_type=\"section\" data-e-type=\"section\">\n\t\t\t\t\t\t<div class=\"elementor-container elementor-column-gap-default\">\n\t\t\t\t\t<div class=\"elementor-column elementor-col-100 elementor-top-column elementor-element elementor-element-29c3c94\" data-id=\"29c3c94\" data-element_type=\"column\" data-e-type=\"column\">\n\t\t\t<div class=\"elementor-widget-wrap elementor-element-populated\">\n\t\t\t\t\t\t<div class=\"elementor-element elementor-element-072de02 elementor-widget elementor-widget-spacer\" data-id=\"072de02\" data-element_type=\"widget\" data-e-type=\"widget\" data-widget_type=\"spacer.default\">\n\t\t\t\t<div class=\"elementor-widget-container\">\n\t\t\t\t\t\t\t<div class=\"elementor-spacer\">\n\t\t\t<div class=\"elementor-spacer-inner\"><\/div>\n\t\t<\/div>\n\t\t\t\t\t\t<\/div>\n\t\t\t\t<\/div>\n\t\t\t\t\t<\/div>\n\t\t<\/div>\n\t\t\t\t\t<\/div>\n\t\t<\/section>\n\t\t\t\t<section class=\"elementor-section elementor-top-section elementor-element elementor-element-c138d3d elementor-section-boxed elementor-section-height-default elementor-section-height-default wd-section-disabled\" data-id=\"c138d3d\" data-element_type=\"section\" data-e-type=\"section\">\n\t\t\t\t\t\t<div class=\"elementor-container elementor-column-gap-default\">\n\t\t\t\t\t<div class=\"elementor-column elementor-col-50 elementor-top-column elementor-element elementor-element-c1b1400\" data-id=\"c1b1400\" data-element_type=\"column\" data-e-type=\"column\">\n\t\t\t<div class=\"elementor-widget-wrap elementor-element-populated\">\n\t\t\t\t\t\t<div class=\"elementor-element elementor-element-d321459 elementor-icon-list--layout-traditional elementor-list-item-link-full_width elementor-widget elementor-widget-icon-list\" data-id=\"d321459\" data-element_type=\"widget\" data-e-type=\"widget\" data-widget_type=\"icon-list.default\">\n\t\t\t\t<div class=\"elementor-widget-container\">\n\t\t\t\t\t\t\t<ul class=\"elementor-icon-list-items\">\n\t\t\t\t\t\t\t<li class=\"elementor-icon-list-item\">\n\t\t\t\t\t\t\t\t\t\t\t<span class=\"elementor-icon-list-icon\">\n\t\t\t\t\t\t\t<i aria-hidden=\"true\" class=\"fas fa-globe-americas\"><\/i>\t\t\t\t\t\t<\/span>\n\t\t\t\t\t\t\t\t\t\t<span class=\"elementor-icon-list-text\">Misi\u00f3n<\/span>\n\t\t\t\t\t\t\t\t\t<\/li>\n\t\t\t\t\t\t<\/ul>\n\t\t\t\t\t\t<\/div>\n\t\t\t\t<\/div>\n\t\t\t\t<div class=\"elementor-element elementor-element-a77e2df justificar color-scheme-inherit text-left elementor-widget elementor-widget-text-editor\" data-id=\"a77e2df\" data-element_type=\"widget\" data-e-type=\"widget\" data-widget_type=\"text-editor.default\">\n\t\t\t\t<div class=\"elementor-widget-container\">\n\t\t\t\t\t\t\t\t\t<p>Somos una empresa en desarrollo en pleno crecimiento con sede en Ecuador, con el prop\u00f3sito de brindar soluciones tecnol\u00f3gicas a todos nuestros clientes en cualquier parte de mundo, respondiendo y atendiendo todos los requerimientos siempre con \u00e9tica, seriedad y profesionalismo<\/p>\t\t\t\t\t\t\t\t<\/div>\n\t\t\t\t<\/div>\n\t\t\t\t\t<\/div>\n\t\t<\/div>\n\t\t\t\t<div class=\"elementor-column elementor-col-50 elementor-top-column elementor-element elementor-element-dbdf2fb\" data-id=\"dbdf2fb\" data-element_type=\"column\" data-e-type=\"column\">\n\t\t\t<div class=\"elementor-widget-wrap elementor-element-populated\">\n\t\t\t\t\t\t<div class=\"elementor-element elementor-element-acfc761 elementor-icon-list--layout-traditional elementor-list-item-link-full_width elementor-widget elementor-widget-icon-list\" data-id=\"acfc761\" data-element_type=\"widget\" data-e-type=\"widget\" data-widget_type=\"icon-list.default\">\n\t\t\t\t<div class=\"elementor-widget-container\">\n\t\t\t\t\t\t\t<ul class=\"elementor-icon-list-items\">\n\t\t\t\t\t\t\t<li class=\"elementor-icon-list-item\">\n\t\t\t\t\t\t\t\t\t\t\t<span class=\"elementor-icon-list-icon\">\n\t\t\t\t\t\t\t<i aria-hidden=\"true\" class=\"fab fa-uncharted\"><\/i>\t\t\t\t\t\t<\/span>\n\t\t\t\t\t\t\t\t\t\t<span class=\"elementor-icon-list-text\">Visi\u00f3n<\/span>\n\t\t\t\t\t\t\t\t\t<\/li>\n\t\t\t\t\t\t<\/ul>\n\t\t\t\t\t\t<\/div>\n\t\t\t\t<\/div>\n\t\t\t\t<div class=\"elementor-element elementor-element-dd3ec91 justificar color-scheme-inherit text-left elementor-widget elementor-widget-text-editor\" data-id=\"dd3ec91\" data-element_type=\"widget\" data-e-type=\"widget\" data-widget_type=\"text-editor.default\">\n\t\t\t\t<div class=\"elementor-widget-container\">\n\t\t\t\t\t\t\t\t\t<p>Liderar el campo de servicios tecnol\u00f3gicos, consiguiendo el reconocimientos, aceptaci\u00f3n y fidelidad de todos nuestro clientes, por medio de nuestro excelente trabajo y desempe\u00f1o<\/p>\t\t\t\t\t\t\t\t<\/div>\n\t\t\t\t<\/div>\n\t\t\t\t\t<\/div>\n\t\t<\/div>\n\t\t\t\t\t<\/div>\n\t\t<\/section>\n\t\t\t\t<section class=\"elementor-section elementor-top-section elementor-element elementor-element-d4a7221 elementor-section-boxed elementor-section-height-default elementor-section-height-default wd-section-disabled\" data-id=\"d4a7221\" data-element_type=\"section\" data-e-type=\"section\">\n\t\t\t\t\t\t<div class=\"elementor-container elementor-column-gap-default\">\n\t\t\t\t\t<div class=\"elementor-column elementor-col-100 elementor-top-column elementor-element elementor-element-011d33a\" data-id=\"011d33a\" data-element_type=\"column\" data-e-type=\"column\">\n\t\t\t<div class=\"elementor-widget-wrap elementor-element-populated\">\n\t\t\t\t\t\t<div class=\"elementor-element elementor-element-de0f7a1 elementor-widget elementor-widget-wd_testimonials\" data-id=\"de0f7a1\" data-element_type=\"widget\" data-e-type=\"widget\" data-widget_type=\"wd_testimonials.default\">\n\t\t\t\t<div class=\"elementor-widget-container\">\n\t\t\t\t\t\t\t<div class=\"testimonials testimonials-wrapper testimonials-slider testimon-style-boxed  testimon-align-center wd-carousel-container wd-carousel-spacing-30\" id=\"carousel-3025\" data-owl-carousel data-speed=\"\" data-wrap=\"no\" data-hide_pagination_control=\"no\" data-hide_prev_next_buttons=\"no\" data-desktop=\"1\" data-tablet_landscape=\"1\" data-tablet=\"1\" data-mobile=\"1\">\n\t\t\t<div class=\"owl-carousel owl-items-lg-1 owl-items-md-1 owl-items-sm-1 owl-items-xs-1\">\n\t\t\t\t\t\t\t\t\t\t\t\t\t\t<div class=\"testimonial column\">\n\t\t\t\t\t\t<div class=\"testimonial-inner\">\n\t\t\t\t\t\t\t\t\t\t\t\t\t\t\t<div class=\"testimonial-avatar\">\n\t\t\t\t\t\t\t\t\t<img decoding=\"async\" src=\"https:\/\/i0.wp.com\/rmsolutionsonline.com\/site\/wp-content\/uploads\/2021\/06\/IMG_20210106_202127-scaled.jpg?resize=150%2C150&#038;ssl=1\" class=\"testimonial-avatar-image\">\t\t\t\t\t\t\t\t<\/div>\n\t\t\t\t\t\t\t\t\t\t\t\t\t\t\n\t\t\t\t\t\t\t<div class=\"testimonial-content\">\n\t\t\t\t\t\t\t\t<div class=\"testimonial-rating\">\n\t\t\t\t\t\t\t\t\t<span class=\"star-rating\">\n\t\t\t\t\t\t\t\t\t\t<span style=\"width:100%\"><\/span>\n\t\t\t\t\t\t\t\t\t<\/span>\n\t\t\t\t\t\t\t\t<\/div>\n\t\t\t\t\t\t\t\t\n\t\t\t\t\t\t\t\t<p>Con m\u00e1s de 15 a\u00f1os de experiencia en desarrollo de sistemas, especializado en la programaci\u00f3n bajo ambiente web, m\u00f3viles, redes sociales y seguridad inform\u00e1tica, \u00bfporque eligir RMSolutions?, porqu\u00e9 presentamos soluciones concretas, innovadoras y adaptadas a sus necesidades...<\/p>\t\t\t\t\t\t\t\t\n\t\t\t\t\t\t\t\t<footer>\n\t\t\t\t\t\t\t\t\tRam\u00f3n Mendoza\n\t\t\t\t\t\t\t\t\t\t\t\t\t\t\t\t\t\t\t<span>\n\t\t\t\t\t\t\t\t\t\t\tCEO &amp; Fundador\t\t\t\t\t\t\t\t\t\t<\/span>\n\t\t\t\t\t\t\t\t\t\t\t\t\t\t\t\t\t<\/footer>\n\t\t\t\t\t\t\t<\/div>\n\t\t\t\t\t\t<\/div>\n\t\t\t\t\t<\/div>\n\t\t\t\t\t\t\t<\/div>\n\t\t<\/div>\n\t\t\t\t\t\t<\/div>\n\t\t\t\t<\/div>\n\t\t\t\t<div class=\"elementor-element elementor-element-4140e5a elementor-shape-circle elementor-grid-0 e-grid-align-center elementor-widget elementor-widget-social-icons\" data-id=\"4140e5a\" data-element_type=\"widget\" data-e-type=\"widget\" data-widget_type=\"social-icons.default\">\n\t\t\t\t<div class=\"elementor-widget-container\">\n\t\t\t\t\t\t\t<div class=\"elementor-social-icons-wrapper elementor-grid\" role=\"list\">\n\t\t\t\t\t\t\t<span class=\"elementor-grid-item\" role=\"listitem\">\n\t\t\t\t\t<a class=\"elementor-icon elementor-social-icon elementor-social-icon-twitter elementor-repeater-item-623dd41\" href=\"https:\/\/twitter.com\/ramonmmendoza?lang=es\" target=\"_blank\">\n\t\t\t\t\t\t<span class=\"elementor-screen-only\">Twitter<\/span>\n\t\t\t\t\t\t<i aria-hidden=\"true\" class=\"fab fa-twitter\"><\/i>\t\t\t\t\t<\/a>\n\t\t\t\t<\/span>\n\t\t\t\t\t\t\t<span class=\"elementor-grid-item\" role=\"listitem\">\n\t\t\t\t\t<a class=\"elementor-icon elementor-social-icon elementor-social-icon-instagram elementor-repeater-item-39ead48\" href=\"https:\/\/www.instagram.com\/ramonmmendoza\/?hl=es\" target=\"_blank\">\n\t\t\t\t\t\t<span class=\"elementor-screen-only\">Instagram<\/span>\n\t\t\t\t\t\t<i aria-hidden=\"true\" class=\"fab fa-instagram\"><\/i>\t\t\t\t\t<\/a>\n\t\t\t\t<\/span>\n\t\t\t\t\t\t\t<span class=\"elementor-grid-item\" role=\"listitem\">\n\t\t\t\t\t<a class=\"elementor-icon elementor-social-icon elementor-social-icon-linkedin elementor-repeater-item-6141cc1\" href=\"https:\/\/ec.linkedin.com\/in\/ramonmmendoza\" target=\"_blank\">\n\t\t\t\t\t\t<span class=\"elementor-screen-only\">Linkedin<\/span>\n\t\t\t\t\t\t<i aria-hidden=\"true\" class=\"fab fa-linkedin\"><\/i>\t\t\t\t\t<\/a>\n\t\t\t\t<\/span>\n\t\t\t\t\t\t\t<span class=\"elementor-grid-item\" role=\"listitem\">\n\t\t\t\t\t<a class=\"elementor-icon elementor-social-icon elementor-social-icon-facebook elementor-repeater-item-ad018e7\" href=\"https:\/\/www.facebook.com\/spans17\" target=\"_blank\">\n\t\t\t\t\t\t<span class=\"elementor-screen-only\">Facebook<\/span>\n\t\t\t\t\t\t<i aria-hidden=\"true\" class=\"fab fa-facebook\"><\/i>\t\t\t\t\t<\/a>\n\t\t\t\t<\/span>\n\t\t\t\t\t<\/div>\n\t\t\t\t\t\t<\/div>\n\t\t\t\t<\/div>\n\t\t\t\t<div class=\"elementor-element elementor-element-aa87636 elementor-align-center elementor-widget elementor-widget-button\" data-id=\"aa87636\" data-element_type=\"widget\" data-e-type=\"widget\" data-widget_type=\"button.default\">\n\t\t\t\t<div class=\"elementor-widget-container\">\n\t\t\t\t\t\t\t\t\t<div class=\"elementor-button-wrapper\">\n\t\t\t\t\t<a class=\"elementor-button elementor-button-link elementor-size-sm\" href=\"https:\/\/rmsolutionsonline.com\/site\/portfolio\/\">\n\t\t\t\t\t\t<span class=\"elementor-button-content-wrapper\">\n\t\t\t\t\t\t\t\t\t<span class=\"elementor-button-text\">Ver Trabajos Realizado<\/span>\n\t\t\t\t\t<\/span>\n\t\t\t\t\t<\/a>\n\t\t\t\t<\/div>\n\t\t\t\t\t\t\t\t<\/div>\n\t\t\t\t<\/div>\n\t\t\t\t\t<\/div>\n\t\t<\/div>\n\t\t\t\t\t<\/div>\n\t\t<\/section>\n\t\t\t\t<\/div>\n\t\t","protected":false},"excerpt":{"rendered":"<p>RMSolutions \u00bf Quienes Somos ? Una startup conformada por un equipo multidisciplinario de profesionales con amplia experiencia en el desarrollo<\/p>\n","protected":false},"author":1,"featured_media":0,"parent":0,"menu_order":0,"comment_status":"closed","ping_status":"closed","template":"","meta":{"_joinchat":[],"footnotes":""},"class_list":["post-2076","page","type-page","status-publish","hentry"],"yoast_head":"<!-- This site is optimized with the Yoast SEO plugin v27.3 - https:\/\/yoast.com\/product\/yoast-seo-wordpress\/ -->\n<title>Quienes Somos - RMSolutions<\/title>\n<meta name=\"description\" content=\"Somos un grupo de profesionales en el ramo de la tecnolog\u00eda principalmente en todos los medios inform\u00e1ticos y de ofim\u00e1tica\" \/>\n<meta name=\"robots\" content=\"index, follow, max-snippet:-1, max-image-preview:large, max-video-preview:-1\" \/>\n<link rel=\"canonical\" href=\"https:\/\/rmsolutionsonline.com\/site\/quienes-somos\/\" \/>\n<meta property=\"og:locale\" content=\"es_ES\" \/>\n<meta property=\"og:type\" content=\"article\" \/>\n<meta property=\"og:title\" content=\"Quienes Somos - RMSolutions\" \/>\n<meta property=\"og:description\" content=\"Somos un grupo de profesionales en el ramo de la tecnolog\u00eda principalmente en todos los medios inform\u00e1ticos y de ofim\u00e1tica\" \/>\n<meta property=\"og:url\" content=\"https:\/\/rmsolutionsonline.com\/site\/quienes-somos\/\" \/>\n<meta property=\"og:site_name\" content=\"RMSolutions\" \/>\n<meta property=\"article:modified_time\" content=\"2025-07-02T17:53:37+00:00\" \/>\n<meta property=\"og:image\" content=\"https:\/\/rmsolutionsonline.com\/site\/wp-content\/uploads\/2021\/06\/logo_xl.png\" \/>\n<meta name=\"twitter:card\" content=\"summary_large_image\" \/>\n<meta name=\"twitter:label1\" content=\"Tiempo de lectura\" \/>\n\t<meta name=\"twitter:data1\" content=\"2 minutos\" \/>\n<script type=\"application\/ld+json\" class=\"yoast-schema-graph\">{\"@context\":\"https:\\\/\\\/schema.org\",\"@graph\":[{\"@type\":\"WebPage\",\"@id\":\"https:\\\/\\\/rmsolutionsonline.com\\\/site\\\/quienes-somos\\\/\",\"url\":\"https:\\\/\\\/rmsolutionsonline.com\\\/site\\\/quienes-somos\\\/\",\"name\":\"Quienes Somos - RMSolutions\",\"isPartOf\":{\"@id\":\"https:\\\/\\\/rmsolutionsonline.com\\\/site\\\/#website\"},\"primaryImageOfPage\":{\"@id\":\"https:\\\/\\\/rmsolutionsonline.com\\\/site\\\/quienes-somos\\\/#primaryimage\"},\"image\":{\"@id\":\"https:\\\/\\\/rmsolutionsonline.com\\\/site\\\/quienes-somos\\\/#primaryimage\"},\"thumbnailUrl\":\"https:\\\/\\\/rmsolutionsonline.com\\\/site\\\/wp-content\\\/uploads\\\/2021\\\/06\\\/logo_xl.png\",\"datePublished\":\"2021-06-09T00:28:03+00:00\",\"dateModified\":\"2025-07-02T17:53:37+00:00\",\"description\":\"Somos un grupo de profesionales en el ramo de la tecnolog\u00eda principalmente en todos los medios inform\u00e1ticos y de ofim\u00e1tica\",\"breadcrumb\":{\"@id\":\"https:\\\/\\\/rmsolutionsonline.com\\\/site\\\/quienes-somos\\\/#breadcrumb\"},\"inLanguage\":\"es\",\"potentialAction\":[{\"@type\":\"ReadAction\",\"target\":[\"https:\\\/\\\/rmsolutionsonline.com\\\/site\\\/quienes-somos\\\/\"]}]},{\"@type\":\"ImageObject\",\"inLanguage\":\"es\",\"@id\":\"https:\\\/\\\/rmsolutionsonline.com\\\/site\\\/quienes-somos\\\/#primaryimage\",\"url\":\"https:\\\/\\\/i0.wp.com\\\/rmsolutionsonline.com\\\/site\\\/wp-content\\\/uploads\\\/2021\\\/06\\\/logo_xl.png?fit=1001%2C1001&ssl=1\",\"contentUrl\":\"https:\\\/\\\/i0.wp.com\\\/rmsolutionsonline.com\\\/site\\\/wp-content\\\/uploads\\\/2021\\\/06\\\/logo_xl.png?fit=1001%2C1001&ssl=1\",\"width\":1001,\"height\":1001,\"caption\":\"logo rm\"},{\"@type\":\"BreadcrumbList\",\"@id\":\"https:\\\/\\\/rmsolutionsonline.com\\\/site\\\/quienes-somos\\\/#breadcrumb\",\"itemListElement\":[{\"@type\":\"ListItem\",\"position\":1,\"name\":\"Portada\",\"item\":\"https:\\\/\\\/rmsolutionsonline.com\\\/site\\\/\"},{\"@type\":\"ListItem\",\"position\":2,\"name\":\"Quienes Somos\"}]},{\"@type\":\"WebSite\",\"@id\":\"https:\\\/\\\/rmsolutionsonline.com\\\/site\\\/#website\",\"url\":\"https:\\\/\\\/rmsolutionsonline.com\\\/site\\\/\",\"name\":\"RMSolutions\",\"description\":\"Soluciones Tecnol\u00f3gicas | Desarrollo de Paginas Web | Tiendas Online | App Webs | App Moviles\",\"potentialAction\":[{\"@type\":\"SearchAction\",\"target\":{\"@type\":\"EntryPoint\",\"urlTemplate\":\"https:\\\/\\\/rmsolutionsonline.com\\\/site\\\/?s={search_term_string}\"},\"query-input\":{\"@type\":\"PropertyValueSpecification\",\"valueRequired\":true,\"valueName\":\"search_term_string\"}}],\"inLanguage\":\"es\"}]}<\/script>\n<!-- \/ Yoast SEO plugin. -->","yoast_head_json":{"title":"Quienes Somos - RMSolutions","description":"Somos un grupo de profesionales en el ramo de la tecnolog\u00eda principalmente en todos los medios inform\u00e1ticos y de ofim\u00e1tica","robots":{"index":"index","follow":"follow","max-snippet":"max-snippet:-1","max-image-preview":"max-image-preview:large","max-video-preview":"max-video-preview:-1"},"canonical":"https:\/\/rmsolutionsonline.com\/site\/quienes-somos\/","og_locale":"es_ES","og_type":"article","og_title":"Quienes Somos - RMSolutions","og_description":"Somos un grupo de profesionales en el ramo de la tecnolog\u00eda principalmente en todos los medios inform\u00e1ticos y de ofim\u00e1tica","og_url":"https:\/\/rmsolutionsonline.com\/site\/quienes-somos\/","og_site_name":"RMSolutions","article_modified_time":"2025-07-02T17:53:37+00:00","og_image":[{"url":"https:\/\/rmsolutionsonline.com\/site\/wp-content\/uploads\/2021\/06\/logo_xl.png","type":"","width":"","height":""}],"twitter_card":"summary_large_image","twitter_misc":{"Tiempo de lectura":"2 minutos"},"schema":{"@context":"https:\/\/schema.org","@graph":[{"@type":"WebPage","@id":"https:\/\/rmsolutionsonline.com\/site\/quienes-somos\/","url":"https:\/\/rmsolutionsonline.com\/site\/quienes-somos\/","name":"Quienes Somos - RMSolutions","isPartOf":{"@id":"https:\/\/rmsolutionsonline.com\/site\/#website"},"primaryImageOfPage":{"@id":"https:\/\/rmsolutionsonline.com\/site\/quienes-somos\/#primaryimage"},"image":{"@id":"https:\/\/rmsolutionsonline.com\/site\/quienes-somos\/#primaryimage"},"thumbnailUrl":"https:\/\/rmsolutionsonline.com\/site\/wp-content\/uploads\/2021\/06\/logo_xl.png","datePublished":"2021-06-09T00:28:03+00:00","dateModified":"2025-07-02T17:53:37+00:00","description":"Somos un grupo de profesionales en el ramo de la tecnolog\u00eda principalmente en todos los medios inform\u00e1ticos y de ofim\u00e1tica","breadcrumb":{"@id":"https:\/\/rmsolutionsonline.com\/site\/quienes-somos\/#breadcrumb"},"inLanguage":"es","potentialAction":[{"@type":"ReadAction","target":["https:\/\/rmsolutionsonline.com\/site\/quienes-somos\/"]}]},{"@type":"ImageObject","inLanguage":"es","@id":"https:\/\/rmsolutionsonline.com\/site\/quienes-somos\/#primaryimage","url":"https:\/\/i0.wp.com\/rmsolutionsonline.com\/site\/wp-content\/uploads\/2021\/06\/logo_xl.png?fit=1001%2C1001&ssl=1","contentUrl":"https:\/\/i0.wp.com\/rmsolutionsonline.com\/site\/wp-content\/uploads\/2021\/06\/logo_xl.png?fit=1001%2C1001&ssl=1","width":1001,"height":1001,"caption":"logo rm"},{"@type":"BreadcrumbList","@id":"https:\/\/rmsolutionsonline.com\/site\/quienes-somos\/#breadcrumb","itemListElement":[{"@type":"ListItem","position":1,"name":"Portada","item":"https:\/\/rmsolutionsonline.com\/site\/"},{"@type":"ListItem","position":2,"name":"Quienes Somos"}]},{"@type":"WebSite","@id":"https:\/\/rmsolutionsonline.com\/site\/#website","url":"https:\/\/rmsolutionsonline.com\/site\/","name":"RMSolutions","description":"Soluciones Tecnol\u00f3gicas | Desarrollo de Paginas Web | Tiendas Online | App Webs | App Moviles","potentialAction":[{"@type":"SearchAction","target":{"@type":"EntryPoint","urlTemplate":"https:\/\/rmsolutionsonline.com\/site\/?s={search_term_string}"},"query-input":{"@type":"PropertyValueSpecification","valueRequired":true,"valueName":"search_term_string"}}],"inLanguage":"es"}]}},"jetpack_sharing_enabled":true,"_links":{"self":[{"href":"https:\/\/rmsolutionsonline.com\/site\/wp-json\/wp\/v2\/pages\/2076","targetHints":{"allow":["GET"]}}],"collection":[{"href":"https:\/\/rmsolutionsonline.com\/site\/wp-json\/wp\/v2\/pages"}],"about":[{"href":"https:\/\/rmsolutionsonline.com\/site\/wp-json\/wp\/v2\/types\/page"}],"author":[{"embeddable":true,"href":"https:\/\/rmsolutionsonline.com\/site\/wp-json\/wp\/v2\/users\/1"}],"replies":[{"embeddable":true,"href":"https:\/\/rmsolutionsonline.com\/site\/wp-json\/wp\/v2\/comments?post=2076"}],"version-history":[{"count":28,"href":"https:\/\/rmsolutionsonline.com\/site\/wp-json\/wp\/v2\/pages\/2076\/revisions"}],"predecessor-version":[{"id":3603,"href":"https:\/\/rmsolutionsonline.com\/site\/wp-json\/wp\/v2\/pages\/2076\/revisions\/3603"}],"wp:attachment":[{"href":"https:\/\/rmsolutionsonline.com\/site\/wp-json\/wp\/v2\/media?parent=2076"}],"curies":[{"name":"wp","href":"https:\/\/api.w.org\/{rel}","templated":true}]}}